{"id":103,"date":"2025-01-30T14:01:55","date_gmt":"2025-01-30T14:01:55","guid":{"rendered":"https:\/\/treffpunkt-eynatten.be\/?page_id=103"},"modified":"2025-03-26T12:03:02","modified_gmt":"2025-03-26T12:03:02","slug":"kreativtreff","status":"publish","type":"page","link":"https:\/\/treffpunkt-eynatten.be\/?page_id=103","title":{"rendered":"Kreativtreff"},"content":{"rendered":"\n<p class=\"has-black-color has-text-color has-link-color has-medium-font-size wp-elements-e2ec1cd5e278acbb24c6b1ce2d83d295\">Alle Kreativen, ab 14 Jahren, die gern basteln und n\u00e4hen, k\u00f6nnen unter fachkundiger Anleitung ihre eigenen Projekte mit den unterschiedlichsten Materialien gestalten. Auch f\u00fcr die eigenen N\u00e4hprojekte gibt es Unterst\u00fctzung an der N\u00e4hmaschine.<\/p>\n\n\n\n<p class=\"has-black-color has-text-color has-link-color has-medium-font-size wp-elements-8800e69215dccce0063c734a9b14d3dd\"><strong>Wichtige Infos:<\/strong> <\/p>\n\n\n\n<ul class=\"wp-block-list\">\n<li class=\"has-black-color has-text-color has-link-color has-medium-font-size wp-elements-5b7303dbbecd8cf599a1092bc9eaf1b7\">Dienstags von 18:00 bis 20:00 <\/li>\n\n\n\n<li class=\"has-black-color has-text-color has-link-color has-medium-font-size wp-elements-91ceca3fece6d8aa6516da87a1f6ad85\">alle 2 Wochen, in jeder geraden Kalenderwoche<\/li>\n\n\n\n<li class=\"has-black-color has-text-color has-link-color has-medium-font-size wp-elements-b6bfde3e8ecfc35b83bf912c29109b97\">ab 14 Jahren<\/li>\n\n\n\n<li class=\"has-black-color has-text-color has-link-color has-medium-font-size wp-elements-6021d7a481535050c491311cf2a01aba\">mit Anmeldung<\/li>\n\n\n\n<li class=\"has-black-color has-text-color has-link-color has-medium-font-size wp-elements-2bc07ac8fceadb6dc198f10f00d82a77\">kostenlos<\/li>\n\n\n\n<li class=\"has-black-color has-text-color has-link-color has-medium-font-size wp-elements-2a1c433f14d4dcac7ad6d076da74bf85\">Kostenbeteiligung f\u00fcr Material<\/li>\n<\/ul>\n\n\n\n<p><\/p>\n","protected":false},"excerpt":{"rendered":"<p>Alle Kreativen, ab 14 Jahren, die gern basteln und n\u00e4hen, k\u00f6nnen unter fachkundiger Anleitung ihre eigenen Projekte mit den unterschiedlichsten Materialien gestalten. Auch f\u00fcr die eigenen N\u00e4hprojekte gibt es Unterst\u00fctzung &hellip; <\/p>\n","protected":false},"author":1,"featured_media":274,"parent":0,"menu_order":0,"comment_status":"closed","ping_status":"closed","template":"","meta":{"footnotes":""},"class_list":["post-103","page","type-page","status-publish","has-post-thumbnail","hentry"],"_links":{"self":[{"href":"https:\/\/treffpunkt-eynatten.be\/index.php?rest_route=\/wp\/v2\/pages\/103","targetHints":{"allow":["GET"]}}],"collection":[{"href":"https:\/\/treffpunkt-eynatten.be\/index.php?rest_route=\/wp\/v2\/pages"}],"about":[{"href":"https:\/\/treffpunkt-eynatten.be\/index.php?rest_route=\/wp\/v2\/types\/page"}],"author":[{"embeddable":true,"href":"https:\/\/treffpunkt-eynatten.be\/index.php?rest_route=\/wp\/v2\/users\/1"}],"replies":[{"embeddable":true,"href":"https:\/\/treffpunkt-eynatten.be\/index.php?rest_route=%2Fwp%2Fv2%2Fcomments&post=103"}],"version-history":[{"count":6,"href":"https:\/\/treffpunkt-eynatten.be\/index.php?rest_route=\/wp\/v2\/pages\/103\/revisions"}],"predecessor-version":[{"id":381,"href":"https:\/\/treffpunkt-eynatten.be\/index.php?rest_route=\/wp\/v2\/pages\/103\/revisions\/381"}],"wp:featuredmedia":[{"embeddable":true,"href":"https:\/\/treffpunkt-eynatten.be\/index.php?rest_route=\/wp\/v2\/media\/274"}],"wp:attachment":[{"href":"https:\/\/treffpunkt-eynatten.be\/index.php?rest_route=%2Fwp%2Fv2%2Fmedia&parent=103"}],"curies":[{"name":"wp","href":"https:\/\/api.w.org\/{rel}","templated":true}]}}