{"id":109,"date":"2025-01-30T14:02:30","date_gmt":"2025-01-30T14:02:30","guid":{"rendered":"https:\/\/treffpunkt-eynatten.be\/?page_id=109"},"modified":"2025-03-26T12:16:36","modified_gmt":"2025-03-26T12:16:36","slug":"handarbeitstreff","status":"publish","type":"page","link":"https:\/\/treffpunkt-eynatten.be\/?page_id=109","title":{"rendered":"Handarbeitstreff"},"content":{"rendered":"\n<p class=\"has-black-color has-text-color has-link-color has-medium-font-size wp-elements-935d275f1848b331bdaca837044d6550\">Ran an die Wolle!<\/p>\n\n\n\n<p class=\"has-black-color has-text-color has-link-color has-medium-font-size wp-elements-9ee380ef1711dde429f5cf579f1ed9c9\">Mit dem eigenen Projekt in der Hand k\u00f6nnen alle Teilnehmenden in geselliger Runde austauschen und zur gleichen Zeit dem Handarbeitsvergn\u00fcgen nachgehen, egal ob es ums Stricken, H\u00e4keln oder Sticken geht. <\/p>\n\n\n\n<p class=\"has-black-color has-text-color has-link-color has-medium-font-size wp-elements-c72c8e2d9d844276217c0e4759e93355\">Bei Fragen gibt es durch die anderen Teilnehmenden immer wieder gute Tipps und Tricks.<\/p>\n\n\n\n<p class=\"has-black-color has-text-color has-link-color has-medium-font-size wp-elements-8800e69215dccce0063c734a9b14d3dd\"><strong>Wichtige Infos:<\/strong> <\/p>\n\n\n\n<ul class=\"wp-block-list\">\n<li class=\"has-black-color has-text-color has-link-color has-medium-font-size wp-elements-439ca645a5ccde3f4f223f45130ad024\">Donnerstags von 14:00 bis 16:00 Uhr<\/li>\n\n\n\n<li class=\"has-black-color has-text-color has-link-color has-medium-font-size wp-elements-49341b76511040cbb617e586a64f651b\">ohne Anmeldung<\/li>\n\n\n\n<li class=\"has-black-color has-text-color has-link-color has-medium-font-size wp-elements-2bc07ac8fceadb6dc198f10f00d82a77\">kostenlos<\/li>\n<\/ul>\n\n\n\n<p><\/p>\n","protected":false},"excerpt":{"rendered":"<p>Ran an die Wolle! Mit dem eigenen Projekt in der Hand k\u00f6nnen alle Teilnehmenden in geselliger Runde austauschen und zur gleichen Zeit dem Handarbeitsvergn\u00fcgen nachgehen, egal ob es ums Stricken, &hellip; <\/p>\n","protected":false},"author":1,"featured_media":259,"parent":0,"menu_order":0,"comment_status":"closed","ping_status":"closed","template":"","meta":{"footnotes":""},"class_list":["post-109","page","type-page","status-publish","has-post-thumbnail","hentry"],"_links":{"self":[{"href":"https:\/\/treffpunkt-eynatten.be\/index.php?rest_route=\/wp\/v2\/pages\/109","targetHints":{"allow":["GET"]}}],"collection":[{"href":"https:\/\/treffpunkt-eynatten.be\/index.php?rest_route=\/wp\/v2\/pages"}],"about":[{"href":"https:\/\/treffpunkt-eynatten.be\/index.php?rest_route=\/wp\/v2\/types\/page"}],"author":[{"embeddable":true,"href":"https:\/\/treffpunkt-eynatten.be\/index.php?rest_route=\/wp\/v2\/users\/1"}],"replies":[{"embeddable":true,"href":"https:\/\/treffpunkt-eynatten.be\/index.php?rest_route=%2Fwp%2Fv2%2Fcomments&post=109"}],"version-history":[{"count":3,"href":"https:\/\/treffpunkt-eynatten.be\/index.php?rest_route=\/wp\/v2\/pages\/109\/revisions"}],"predecessor-version":[{"id":387,"href":"https:\/\/treffpunkt-eynatten.be\/index.php?rest_route=\/wp\/v2\/pages\/109\/revisions\/387"}],"wp:featuredmedia":[{"embeddable":true,"href":"https:\/\/treffpunkt-eynatten.be\/index.php?rest_route=\/wp\/v2\/media\/259"}],"wp:attachment":[{"href":"https:\/\/treffpunkt-eynatten.be\/index.php?rest_route=%2Fwp%2Fv2%2Fmedia&parent=109"}],"curies":[{"name":"wp","href":"https:\/\/api.w.org\/{rel}","templated":true}]}}