{"id":111,"date":"2025-01-30T14:02:45","date_gmt":"2025-01-30T14:02:45","guid":{"rendered":"https:\/\/treffpunkt-eynatten.be\/?page_id=111"},"modified":"2025-12-10T12:27:21","modified_gmt":"2025-12-10T12:27:21","slug":"gemeinsames-fruehstueck","status":"publish","type":"page","link":"https:\/\/treffpunkt-eynatten.be\/?page_id=111","title":{"rendered":"Gemeinsames Fr\u00fchst\u00fcck"},"content":{"rendered":"\n<div class=\"wp-block-media-text is-stacked-on-mobile\" style=\"grid-template-columns:25% auto\"><figure class=\"wp-block-media-text__media\"><img loading=\"lazy\" decoding=\"async\" width=\"576\" height=\"768\" src=\"https:\/\/treffpunkt-eynatten.be\/wp-content\/uploads\/2025\/02\/20240604-00-Copy.jpg\" alt=\"\" class=\"wp-image-329 size-full\" srcset=\"https:\/\/treffpunkt-eynatten.be\/wp-content\/uploads\/2025\/02\/20240604-00-Copy.jpg 576w, https:\/\/treffpunkt-eynatten.be\/wp-content\/uploads\/2025\/02\/20240604-00-Copy-225x300.jpg 225w\" sizes=\"auto, (max-width: 576px) 100vw, 576px\" \/><\/figure><div class=\"wp-block-media-text__content\">\n<p class=\"has-black-color has-text-color has-link-color has-medium-font-size wp-elements-c8b006795ff51aed584c051850a99e4d\">Jeden Freitagmorgen bietet der Soziale Treffpunkt ein gem\u00fctliches gemeinsames Fr\u00fchst\u00fcck in den barrierefreien R\u00e4umlichkeiten des Dorfhauses Eynatten an. <\/p>\n\n\n\n<p class=\"has-black-color has-text-color has-link-color has-medium-font-size wp-elements-1c64661651a602e44be4c58dc3fabdcb\">Zur besseren Organisation ist eine Anmeldung bis Donnerstagmittag um 12 Uhr erforderlich.<\/p>\n<\/div><\/div>\n\n\n\n<p class=\"has-black-color has-text-color has-link-color has-medium-font-size wp-elements-88e31a9ade39f3c15a8f46586a4dfabb\">Das Fr\u00fchst\u00fcck besteht aus 2 wei\u00dfen Br\u00f6tchen oder Pistolets, Butter, Schinken, K\u00e4se, Camembert, Marmelade, Gurken und Tomaten. Au\u00dferdem Kaffee oder Tee nach Herzenslust.<\/p>\n\n\n\n<p class=\"has-black-color has-text-color has-link-color has-medium-font-size wp-elements-2d1be0453b6839532534583f50198880\"><strong>Wichtige Infos: <\/strong><\/p>\n\n\n\n<ul class=\"wp-block-list\">\n<li class=\"has-black-color has-text-color has-link-color has-medium-font-size wp-elements-c1320b6096e6e6cfc9218d1be20cf58d\">Freitags von 9:30 bis 11:30 Uhr<\/li>\n\n\n\n<li class=\"has-black-color has-text-color has-link-color has-medium-font-size wp-elements-76bfd36d045169821833b7baf486d296\">Anmeldung bis sp\u00e4testens Donnerstag um 12 Uhr<\/li>\n\n\n\n<li class=\"has-black-color has-text-color has-link-color has-medium-font-size wp-elements-a8bf7bb8dbd9bf6e803e08f2e011a3d2\">5,00 \u20ac (Stand: 01.01.2026)<\/li>\n\n\n\n<li class=\"has-black-color has-text-color has-link-color has-medium-font-size wp-elements-53176d482fb51bf12e14ad226d7df6d5\">barrierefreie R\u00e4ume<\/li>\n<\/ul>\n\n\n\n<div class=\"wp-block-columns is-layout-flex wp-container-core-columns-is-layout-9d6595d7 wp-block-columns-is-layout-flex\">\n<div class=\"wp-block-column is-layout-flow wp-block-column-is-layout-flow\" style=\"flex-basis:100%\"><\/div>\n\n\n\n<div class=\"wp-block-column is-layout-flow wp-block-column-is-layout-flow\"><\/div>\n<\/div>\n\n\n\n<div class=\"wp-block-columns is-layout-flex wp-container-core-columns-is-layout-9d6595d7 wp-block-columns-is-layout-flex\">\n<div class=\"wp-block-column is-vertically-aligned-center is-layout-flow wp-block-column-is-layout-flow\" style=\"flex-basis:33.34%\">\n<figure class=\"wp-block-gallery has-nested-images columns-default wp-block-gallery-1 is-layout-flex wp-block-gallery-is-layout-flex\">\n<figure class=\"wp-block-image size-medium\"><img loading=\"lazy\" decoding=\"async\" width=\"225\" height=\"300\" data-id=\"690\" src=\"https:\/\/treffpunkt-eynatten.be\/wp-content\/uploads\/2025\/12\/IMG-20251210-WA0002-Copy-225x300.jpg\" alt=\"\" class=\"wp-image-690\" srcset=\"https:\/\/treffpunkt-eynatten.be\/wp-content\/uploads\/2025\/12\/IMG-20251210-WA0002-Copy-225x300.jpg 225w, https:\/\/treffpunkt-eynatten.be\/wp-content\/uploads\/2025\/12\/IMG-20251210-WA0002-Copy.jpg 576w\" sizes=\"auto, (max-width: 225px) 100vw, 225px\" \/><\/figure>\n<\/figure>\n\n\n\n<figure class=\"wp-block-gallery has-nested-images columns-default wp-block-gallery-2 is-layout-flex wp-block-gallery-is-layout-flex\">\n<figure class=\"wp-block-image size-full\"><img loading=\"lazy\" decoding=\"async\" width=\"576\" height=\"768\" data-id=\"691\" src=\"https:\/\/treffpunkt-eynatten.be\/wp-content\/uploads\/2025\/12\/IMG-20251210-WA0005-Copy-1.jpg\" alt=\"\" class=\"wp-image-691\" srcset=\"https:\/\/treffpunkt-eynatten.be\/wp-content\/uploads\/2025\/12\/IMG-20251210-WA0005-Copy-1.jpg 576w, https:\/\/treffpunkt-eynatten.be\/wp-content\/uploads\/2025\/12\/IMG-20251210-WA0005-Copy-1-225x300.jpg 225w\" sizes=\"auto, (max-width: 576px) 100vw, 576px\" \/><figcaption class=\"wp-element-caption\">Nikolausfr\u00fchst\u00fcck<\/figcaption><\/figure>\n<\/figure>\n<\/div>\n<\/div>\n\n\n\n<p><\/p>\n\n\n\n<p class=\"has-black-color has-text-color has-link-color has-medium-font-size wp-elements-9ea9de3557edab6b4469dff93e6affdc\"><\/p>\n\n\n","protected":false},"excerpt":{"rendered":"<p>Jeden Freitagmorgen bietet der Soziale Treffpunkt ein gem\u00fctliches gemeinsames Fr\u00fchst\u00fcck in den barrierefreien R\u00e4umlichkeiten des Dorfhauses Eynatten an. Zur besseren Organisation ist eine Anmeldung bis Donnerstagmittag um 12 Uhr erforderlich. &hellip; <\/p>\n","protected":false},"author":1,"featured_media":267,"parent":0,"menu_order":0,"comment_status":"closed","ping_status":"closed","template":"","meta":{"footnotes":"[]"},"class_list":["post-111","page","type-page","status-publish","has-post-thumbnail","hentry"],"_links":{"self":[{"href":"https:\/\/treffpunkt-eynatten.be\/index.php?rest_route=\/wp\/v2\/pages\/111","targetHints":{"allow":["GET"]}}],"collection":[{"href":"https:\/\/treffpunkt-eynatten.be\/index.php?rest_route=\/wp\/v2\/pages"}],"about":[{"href":"https:\/\/treffpunkt-eynatten.be\/index.php?rest_route=\/wp\/v2\/types\/page"}],"author":[{"embeddable":true,"href":"https:\/\/treffpunkt-eynatten.be\/index.php?rest_route=\/wp\/v2\/users\/1"}],"replies":[{"embeddable":true,"href":"https:\/\/treffpunkt-eynatten.be\/index.php?rest_route=%2Fwp%2Fv2%2Fcomments&post=111"}],"version-history":[{"count":12,"href":"https:\/\/treffpunkt-eynatten.be\/index.php?rest_route=\/wp\/v2\/pages\/111\/revisions"}],"predecessor-version":[{"id":698,"href":"https:\/\/treffpunkt-eynatten.be\/index.php?rest_route=\/wp\/v2\/pages\/111\/revisions\/698"}],"wp:featuredmedia":[{"embeddable":true,"href":"https:\/\/treffpunkt-eynatten.be\/index.php?rest_route=\/wp\/v2\/media\/267"}],"wp:attachment":[{"href":"https:\/\/treffpunkt-eynatten.be\/index.php?rest_route=%2Fwp%2Fv2%2Fmedia&parent=111"}],"curies":[{"name":"wp","href":"https:\/\/api.w.org\/{rel}","templated":true}]}}