{"id":113,"date":"2025-01-30T14:02:55","date_gmt":"2025-01-30T14:02:55","guid":{"rendered":"https:\/\/treffpunkt-eynatten.be\/?page_id=113"},"modified":"2025-04-02T11:39:14","modified_gmt":"2025-04-02T11:39:14","slug":"erste-hilfe","status":"publish","type":"page","link":"https:\/\/treffpunkt-eynatten.be\/?page_id=113","title":{"rendered":"Infoabend &#8211; Erste Hilfe am Kleinkind"},"content":{"rendered":"\n<p class=\"has-black-color has-text-color has-link-color has-medium-font-size wp-elements-de61f33e643fe51e2b0c773fbcf3ca58\">Junge Familien werden hier bei diesem Angebot besonders angesprochen. Aber auch diejenigen, die mit Kindern arbeiten oder in der Freizeit mit kleinen Kindern zu tun haben, k\u00f6nnen von diesem tollen Angebot profitieren, um ihr Wissen zu erweitern.<\/p>\n\n\n\n<p class=\"has-black-color has-text-color has-link-color has-medium-font-size wp-elements-7b3b42de29ba078f173d1f705b5fa85a\">Der Informationsabend wird durch eine ausgebildete \u00c4rztin geleitet, die au\u00dferdem viele praktische Elemente einflie\u00dfen l\u00e4sst. Die Teilnehmenden k\u00f6nnen den Abend aktiv mitgestalten, indem sie Fragen stellen und an der Puppe Wiederbelebungsma\u00dfnahmen ausprobieren d\u00fcrfen.<\/p>\n\n\n\n<p class=\"has-black-color has-text-color has-link-color has-medium-font-size wp-elements-bb6ed40492a22a5114070f6e85227dac\"><strong>Wichtige Infos:<\/strong><\/p>\n\n\n\n<ul class=\"wp-block-list\">\n<li class=\"has-black-color has-text-color has-link-color has-medium-font-size wp-elements-2bc07ac8fceadb6dc198f10f00d82a77\">kostenlos<\/li>\n\n\n\n<li class=\"has-black-color has-text-color has-link-color has-medium-font-size wp-elements-4192f362a3648e90fd9720d125cdbdc1\">Spenden f\u00fcr &#8222;\u00c4rzte ohne Grenzen&#8220;<\/li>\n\n\n\n<li class=\"has-black-color has-text-color has-link-color has-medium-font-size wp-elements-028610aca592fbe060bf2582ab05eaba\">Spenden f\u00fcr &#8222;Freundschaftsbund der Feuerwehr und des Rettungsdienstes Eupen&#8220;<\/li>\n\n\n\n<li class=\"has-black-color has-text-color has-link-color has-medium-font-size wp-elements-efe31e7651f3705f58bca89d237c1fe5\">n\u00e4chster Infoabend: im Fr\u00fchjahr 2026 <\/li>\n<\/ul>\n\n\n\n<p class=\"has-black-color has-text-color has-link-color wp-elements-9ac00cf961d1ea846fe5a532228b76c6\"><\/p>\n\n\n\n<p><\/p>\n","protected":false},"excerpt":{"rendered":"<p>Junge Familien werden hier bei diesem Angebot besonders angesprochen. Aber auch diejenigen, die mit Kindern arbeiten oder in der Freizeit mit kleinen Kindern zu tun haben, k\u00f6nnen von diesem tollen &hellip; <\/p>\n","protected":false},"author":1,"featured_media":275,"parent":0,"menu_order":0,"comment_status":"closed","ping_status":"closed","template":"","meta":{"footnotes":""},"class_list":["post-113","page","type-page","status-publish","has-post-thumbnail","hentry"],"_links":{"self":[{"href":"https:\/\/treffpunkt-eynatten.be\/index.php?rest_route=\/wp\/v2\/pages\/113","targetHints":{"allow":["GET"]}}],"collection":[{"href":"https:\/\/treffpunkt-eynatten.be\/index.php?rest_route=\/wp\/v2\/pages"}],"about":[{"href":"https:\/\/treffpunkt-eynatten.be\/index.php?rest_route=\/wp\/v2\/types\/page"}],"author":[{"embeddable":true,"href":"https:\/\/treffpunkt-eynatten.be\/index.php?rest_route=\/wp\/v2\/users\/1"}],"replies":[{"embeddable":true,"href":"https:\/\/treffpunkt-eynatten.be\/index.php?rest_route=%2Fwp%2Fv2%2Fcomments&post=113"}],"version-history":[{"count":5,"href":"https:\/\/treffpunkt-eynatten.be\/index.php?rest_route=\/wp\/v2\/pages\/113\/revisions"}],"predecessor-version":[{"id":424,"href":"https:\/\/treffpunkt-eynatten.be\/index.php?rest_route=\/wp\/v2\/pages\/113\/revisions\/424"}],"wp:featuredmedia":[{"embeddable":true,"href":"https:\/\/treffpunkt-eynatten.be\/index.php?rest_route=\/wp\/v2\/media\/275"}],"wp:attachment":[{"href":"https:\/\/treffpunkt-eynatten.be\/index.php?rest_route=%2Fwp%2Fv2%2Fmedia&parent=113"}],"curies":[{"name":"wp","href":"https:\/\/api.w.org\/{rel}","templated":true}]}}