{"id":121,"date":"2025-01-30T14:03:44","date_gmt":"2025-01-30T14:03:44","guid":{"rendered":"https:\/\/treffpunkt-eynatten.be\/?page_id=121"},"modified":"2025-06-11T12:05:46","modified_gmt":"2025-06-11T12:05:46","slug":"brotbackhaus","status":"publish","type":"page","link":"https:\/\/treffpunkt-eynatten.be\/?page_id=121","title":{"rendered":"Brotbackhaus"},"content":{"rendered":"\n<p class=\"has-black-color has-text-color has-link-color has-medium-font-size wp-elements-a9c40cee5268e9b083caf6b28630e742\">Der Soziale Treffpunkt setzt sich aufgrund eines gro\u00dfen Interesses seitens der Bev\u00f6lkerung mit dem Thema \u201eGemeinsam gesundes Brot backen\u201c auseinander. Da Projekte zu diesem Thema schon anderweitig in der DG angeboten werden, gab es zun\u00e4chst einen Austausch mit der Brotbackgruppe M\u00fcrringen. Somit konnte gepr\u00fcft werden, wie ein Brotback-Projekt im Sozialen Treffpunkt umgesetzt werden kann.<\/p>\n\n\n\n<p><\/p>\n\n\n\n<figure class=\"wp-block-gallery has-nested-images columns-4 is-cropped wp-block-gallery-1 is-layout-flex wp-block-gallery-is-layout-flex\">\n<figure class=\"wp-block-image size-large\"><a href=\"https:\/\/treffpunkt-eynatten.be\/wp-content\/uploads\/2025\/05\/IMG-20250514-WA0004.jpg\"><img decoding=\"async\" data-id=\"543\" src=\"https:\/\/treffpunkt-eynatten.be\/wp-content\/uploads\/2025\/05\/IMG-20250514-WA0004-768x1024.jpg\" alt=\"\" class=\"wp-image-543\"\/><\/a><\/figure>\n\n\n\n<figure class=\"wp-block-image size-large\"><a href=\"https:\/\/treffpunkt-eynatten.be\/wp-content\/uploads\/2025\/05\/WhatsApp-Bild-2025-04-09-um-07.26.49_5aebec85.jpg\"><img loading=\"lazy\" decoding=\"async\" width=\"1024\" height=\"768\" data-id=\"544\" src=\"https:\/\/treffpunkt-eynatten.be\/wp-content\/uploads\/2025\/05\/WhatsApp-Bild-2025-04-09-um-07.26.49_5aebec85-1024x768.jpg\" alt=\"\" class=\"wp-image-544\" srcset=\"https:\/\/treffpunkt-eynatten.be\/wp-content\/uploads\/2025\/05\/WhatsApp-Bild-2025-04-09-um-07.26.49_5aebec85-1024x768.jpg 1024w, https:\/\/treffpunkt-eynatten.be\/wp-content\/uploads\/2025\/05\/WhatsApp-Bild-2025-04-09-um-07.26.49_5aebec85-300x225.jpg 300w, https:\/\/treffpunkt-eynatten.be\/wp-content\/uploads\/2025\/05\/WhatsApp-Bild-2025-04-09-um-07.26.49_5aebec85-768x576.jpg 768w, https:\/\/treffpunkt-eynatten.be\/wp-content\/uploads\/2025\/05\/WhatsApp-Bild-2025-04-09-um-07.26.49_5aebec85-1536x1152.jpg 1536w, https:\/\/treffpunkt-eynatten.be\/wp-content\/uploads\/2025\/05\/WhatsApp-Bild-2025-04-09-um-07.26.49_5aebec85-640x480.jpg 640w, https:\/\/treffpunkt-eynatten.be\/wp-content\/uploads\/2025\/05\/WhatsApp-Bild-2025-04-09-um-07.26.49_5aebec85-110x83.jpg 110w, https:\/\/treffpunkt-eynatten.be\/wp-content\/uploads\/2025\/05\/WhatsApp-Bild-2025-04-09-um-07.26.49_5aebec85.jpg 1600w\" sizes=\"auto, (max-width: 1024px) 100vw, 1024px\" \/><\/a><\/figure>\n\n\n\n<figure class=\"wp-block-image size-large\"><a href=\"https:\/\/treffpunkt-eynatten.be\/wp-content\/uploads\/2025\/05\/WhatsApp-Bild-2025-04-16-um-14.51.03_f8d30137.jpg\"><img loading=\"lazy\" decoding=\"async\" width=\"768\" height=\"1024\" data-id=\"545\" src=\"https:\/\/treffpunkt-eynatten.be\/wp-content\/uploads\/2025\/05\/WhatsApp-Bild-2025-04-16-um-14.51.03_f8d30137-768x1024.jpg\" alt=\"\" class=\"wp-image-545\" srcset=\"https:\/\/treffpunkt-eynatten.be\/wp-content\/uploads\/2025\/05\/WhatsApp-Bild-2025-04-16-um-14.51.03_f8d30137-768x1024.jpg 768w, https:\/\/treffpunkt-eynatten.be\/wp-content\/uploads\/2025\/05\/WhatsApp-Bild-2025-04-16-um-14.51.03_f8d30137-225x300.jpg 225w, https:\/\/treffpunkt-eynatten.be\/wp-content\/uploads\/2025\/05\/WhatsApp-Bild-2025-04-16-um-14.51.03_f8d30137-1152x1536.jpg 1152w, https:\/\/treffpunkt-eynatten.be\/wp-content\/uploads\/2025\/05\/WhatsApp-Bild-2025-04-16-um-14.51.03_f8d30137.jpg 1200w\" sizes=\"auto, (max-width: 768px) 100vw, 768px\" \/><\/a><\/figure>\n\n\n\n<figure class=\"wp-block-image size-large\"><a href=\"https:\/\/treffpunkt-eynatten.be\/wp-content\/uploads\/2025\/05\/IMG-20250514-WA0009.jpg\"><img loading=\"lazy\" decoding=\"async\" width=\"1024\" height=\"576\" data-id=\"546\" src=\"https:\/\/treffpunkt-eynatten.be\/wp-content\/uploads\/2025\/05\/IMG-20250514-WA0009-1024x576.jpg\" alt=\"\" class=\"wp-image-546\" srcset=\"https:\/\/treffpunkt-eynatten.be\/wp-content\/uploads\/2025\/05\/IMG-20250514-WA0009-1024x576.jpg 1024w, https:\/\/treffpunkt-eynatten.be\/wp-content\/uploads\/2025\/05\/IMG-20250514-WA0009-300x169.jpg 300w, https:\/\/treffpunkt-eynatten.be\/wp-content\/uploads\/2025\/05\/IMG-20250514-WA0009-768x432.jpg 768w, https:\/\/treffpunkt-eynatten.be\/wp-content\/uploads\/2025\/05\/IMG-20250514-WA0009-1536x864.jpg 1536w, https:\/\/treffpunkt-eynatten.be\/wp-content\/uploads\/2025\/05\/IMG-20250514-WA0009.jpg 1600w\" sizes=\"auto, (max-width: 1024px) 100vw, 1024px\" \/><\/a><\/figure>\n<\/figure>\n\n\n\n<p>Unsere Kerngruppe hat bereits die ersten Backversuche gestartet. Wir lernen den Ofen immer besser kennen und die Resultate sind sehenswert. Nat\u00fcrlich wurden sie auch schon mit Hingabe verspeist.<\/p>\n\n\n\n<p>Ab Herbst werden wir jeden 3. Samstag im Monat einen Backtag einlegen. F\u00fcr weitere Informationen und Anmeldungen wenden Sie sich bitte an das B\u00fcro des Sozialen Treffpunktes im Dorfhaus Eynatten.<\/p>\n","protected":false},"excerpt":{"rendered":"<p>Der Soziale Treffpunkt setzt sich aufgrund eines gro\u00dfen Interesses seitens der Bev\u00f6lkerung mit dem Thema \u201eGemeinsam gesundes Brot backen\u201c auseinander. Da Projekte zu diesem Thema schon anderweitig in der DG &hellip; <\/p>\n","protected":false},"author":1,"featured_media":220,"parent":0,"menu_order":0,"comment_status":"closed","ping_status":"closed","template":"","meta":{"footnotes":""},"class_list":["post-121","page","type-page","status-publish","has-post-thumbnail","hentry"],"_links":{"self":[{"href":"https:\/\/treffpunkt-eynatten.be\/index.php?rest_route=\/wp\/v2\/pages\/121","targetHints":{"allow":["GET"]}}],"collection":[{"href":"https:\/\/treffpunkt-eynatten.be\/index.php?rest_route=\/wp\/v2\/pages"}],"about":[{"href":"https:\/\/treffpunkt-eynatten.be\/index.php?rest_route=\/wp\/v2\/types\/page"}],"author":[{"embeddable":true,"href":"https:\/\/treffpunkt-eynatten.be\/index.php?rest_route=\/wp\/v2\/users\/1"}],"replies":[{"embeddable":true,"href":"https:\/\/treffpunkt-eynatten.be\/index.php?rest_route=%2Fwp%2Fv2%2Fcomments&post=121"}],"version-history":[{"count":5,"href":"https:\/\/treffpunkt-eynatten.be\/index.php?rest_route=\/wp\/v2\/pages\/121\/revisions"}],"predecessor-version":[{"id":600,"href":"https:\/\/treffpunkt-eynatten.be\/index.php?rest_route=\/wp\/v2\/pages\/121\/revisions\/600"}],"wp:featuredmedia":[{"embeddable":true,"href":"https:\/\/treffpunkt-eynatten.be\/index.php?rest_route=\/wp\/v2\/media\/220"}],"wp:attachment":[{"href":"https:\/\/treffpunkt-eynatten.be\/index.php?rest_route=%2Fwp%2Fv2%2Fmedia&parent=121"}],"curies":[{"name":"wp","href":"https:\/\/api.w.org\/{rel}","templated":true}]}}