{"id":123,"date":"2025-01-30T14:03:55","date_gmt":"2025-01-30T14:03:55","guid":{"rendered":"https:\/\/treffpunkt-eynatten.be\/?page_id=123"},"modified":"2025-04-09T10:49:13","modified_gmt":"2025-04-09T10:49:13","slug":"foodsharing","status":"publish","type":"page","link":"https:\/\/treffpunkt-eynatten.be\/?page_id=123","title":{"rendered":"Foodsharing"},"content":{"rendered":"\n<p class=\"has-black-color has-text-color has-link-color has-medium-font-size wp-elements-8e474827b57b8c5ec630d14f893f5287\">In Zusammenarbeit mit der B\u00fcrgerinitiative &#8222;Foodsharing Ostbelgien&#8220; und der Seniorenwerkstatt Raeren wurde der erste Fairteiler-Schrank 2019 im Dorfkern von Eynatten errichtet. Seitdem steht der sch\u00f6ne, rote K\u00fchlschrank (ohne K\u00fchlfunktion!) an der Lichtenbuscher Stra\u00dfe 25 vor dem Dorfhaus.<\/p>\n\n\n\n<p class=\"has-black-color has-text-color has-link-color has-medium-font-size wp-elements-66a561a4f745e0ad9f5fa901950f091e\">Der zweite Schrank, der von der Gruppe &#8222;Weniger ist mehr&#8220; verwaltet wird, steht in Hauset an der Mehrzweckhalle.<\/p>\n\n\n\n<p class=\"has-black-color has-text-color has-link-color has-medium-font-size wp-elements-88b55e8d482348a072b0c0649ae9ff24\">Der Fairteiler-Schrank in Raeren wurde im Jahr 2023 wieder abgebaut, da hier zu wenige Nutzer den Schrank besuchten.<\/p>\n\n\n\n<p><\/p>\n","protected":false},"excerpt":{"rendered":"<p>In Zusammenarbeit mit der B\u00fcrgerinitiative &#8222;Foodsharing Ostbelgien&#8220; und der Seniorenwerkstatt Raeren wurde der erste Fairteiler-Schrank 2019 im Dorfkern von Eynatten errichtet. Seitdem steht der sch\u00f6ne, rote K\u00fchlschrank (ohne K\u00fchlfunktion!) an &hellip; <\/p>\n","protected":false},"author":1,"featured_media":258,"parent":0,"menu_order":0,"comment_status":"closed","ping_status":"closed","template":"","meta":{"footnotes":""},"class_list":["post-123","page","type-page","status-publish","has-post-thumbnail","hentry"],"_links":{"self":[{"href":"https:\/\/treffpunkt-eynatten.be\/index.php?rest_route=\/wp\/v2\/pages\/123","targetHints":{"allow":["GET"]}}],"collection":[{"href":"https:\/\/treffpunkt-eynatten.be\/index.php?rest_route=\/wp\/v2\/pages"}],"about":[{"href":"https:\/\/treffpunkt-eynatten.be\/index.php?rest_route=\/wp\/v2\/types\/page"}],"author":[{"embeddable":true,"href":"https:\/\/treffpunkt-eynatten.be\/index.php?rest_route=\/wp\/v2\/users\/1"}],"replies":[{"embeddable":true,"href":"https:\/\/treffpunkt-eynatten.be\/index.php?rest_route=%2Fwp%2Fv2%2Fcomments&post=123"}],"version-history":[{"count":4,"href":"https:\/\/treffpunkt-eynatten.be\/index.php?rest_route=\/wp\/v2\/pages\/123\/revisions"}],"predecessor-version":[{"id":479,"href":"https:\/\/treffpunkt-eynatten.be\/index.php?rest_route=\/wp\/v2\/pages\/123\/revisions\/479"}],"wp:featuredmedia":[{"embeddable":true,"href":"https:\/\/treffpunkt-eynatten.be\/index.php?rest_route=\/wp\/v2\/media\/258"}],"wp:attachment":[{"href":"https:\/\/treffpunkt-eynatten.be\/index.php?rest_route=%2Fwp%2Fv2%2Fmedia&parent=123"}],"curies":[{"name":"wp","href":"https:\/\/api.w.org\/{rel}","templated":true}]}}