{"id":125,"date":"2025-01-30T14:04:05","date_gmt":"2025-01-30T14:04:05","guid":{"rendered":"https:\/\/treffpunkt-eynatten.be\/?page_id=125"},"modified":"2025-04-09T10:03:05","modified_gmt":"2025-04-09T10:03:05","slug":"fahr-und-begleitdienst","status":"publish","type":"page","link":"https:\/\/treffpunkt-eynatten.be\/?page_id=125","title":{"rendered":"Fahr- und Begleitdienst"},"content":{"rendered":"\n<p class=\"has-black-color has-text-color has-link-color has-medium-font-size wp-elements-43c9af62860d76431632cb3514997e80\">Einkaufen oder Beh\u00f6rdeng\u00e4nge stellen eine organisatorische H\u00fcrde war?<\/p>\n\n\n\n<p class=\"has-black-color has-text-color has-link-color has-medium-font-size wp-elements-d0bfa808df44124a35c8e7f0d81911c1\">Genau hier schaffen wir an 2 halben Tagen pro Woche Abhilfe. Ehrenamtliche fahren Sie in einem nicht rollstuhlgerechten Fahrzeug. Ganz nebenbei werden bei den Fahrten sozial Kontakte gekn\u00fcpft.<\/p>\n\n\n\n<p class=\"has-black-color has-text-color has-link-color has-medium-font-size wp-elements-d43c553519075f71c91cd350938cae9d\"><strong>Wichtige Info: <\/strong><\/p>\n\n\n\n<ul class=\"wp-block-list\">\n<li class=\"has-black-color has-text-color has-link-color has-medium-font-size wp-elements-27b97c99e35e37f6c6f31781def2a507\">Dienstags 13:30 bis 17:30<\/li>\n\n\n\n<li class=\"has-black-color has-text-color has-link-color has-medium-font-size wp-elements-d770c8f389fc398baedabaae9f4fbe69\">Mittwochs 09:30 bis 13:30<\/li>\n\n\n\n<li class=\"has-black-color has-text-color has-link-color has-medium-font-size wp-elements-976615ae8223a861693231070ebb9c2e\">Im Umkreis von 15 km rund um das Dorfhaus<\/li>\n\n\n\n<li class=\"has-black-color has-text-color has-link-color has-medium-font-size wp-elements-84b6a228926ffb535d02a884c3a66efd\">Max. 2 Stunden pro Fahrt<\/li>\n\n\n\n<li class=\"has-black-color has-text-color has-link-color has-medium-font-size wp-elements-22040b1ed72f2203f5d5eefe51bb9b3f\">Anmeldungen bei Neuanfangen: min. 1 Woche im Voraus<\/li>\n<\/ul>\n\n\n\n<p><\/p>\n","protected":false},"excerpt":{"rendered":"<p>Einkaufen oder Beh\u00f6rdeng\u00e4nge stellen eine organisatorische H\u00fcrde war? Genau hier schaffen wir an 2 halben Tagen pro Woche Abhilfe. Ehrenamtliche fahren Sie in einem nicht rollstuhlgerechten Fahrzeug. Ganz nebenbei werden &hellip; <\/p>\n","protected":false},"author":1,"featured_media":257,"parent":0,"menu_order":0,"comment_status":"closed","ping_status":"closed","template":"","meta":{"footnotes":""},"class_list":["post-125","page","type-page","status-publish","has-post-thumbnail","hentry"],"_links":{"self":[{"href":"https:\/\/treffpunkt-eynatten.be\/index.php?rest_route=\/wp\/v2\/pages\/125","targetHints":{"allow":["GET"]}}],"collection":[{"href":"https:\/\/treffpunkt-eynatten.be\/index.php?rest_route=\/wp\/v2\/pages"}],"about":[{"href":"https:\/\/treffpunkt-eynatten.be\/index.php?rest_route=\/wp\/v2\/types\/page"}],"author":[{"embeddable":true,"href":"https:\/\/treffpunkt-eynatten.be\/index.php?rest_route=\/wp\/v2\/users\/1"}],"replies":[{"embeddable":true,"href":"https:\/\/treffpunkt-eynatten.be\/index.php?rest_route=%2Fwp%2Fv2%2Fcomments&post=125"}],"version-history":[{"count":4,"href":"https:\/\/treffpunkt-eynatten.be\/index.php?rest_route=\/wp\/v2\/pages\/125\/revisions"}],"predecessor-version":[{"id":478,"href":"https:\/\/treffpunkt-eynatten.be\/index.php?rest_route=\/wp\/v2\/pages\/125\/revisions\/478"}],"wp:featuredmedia":[{"embeddable":true,"href":"https:\/\/treffpunkt-eynatten.be\/index.php?rest_route=\/wp\/v2\/media\/257"}],"wp:attachment":[{"href":"https:\/\/treffpunkt-eynatten.be\/index.php?rest_route=%2Fwp%2Fv2%2Fmedia&parent=125"}],"curies":[{"name":"wp","href":"https:\/\/api.w.org\/{rel}","templated":true}]}}