{"id":127,"date":"2025-01-30T14:04:14","date_gmt":"2025-01-30T14:04:14","guid":{"rendered":"https:\/\/treffpunkt-eynatten.be\/?page_id=127"},"modified":"2025-04-09T09:35:24","modified_gmt":"2025-04-09T09:35:24","slug":"rikscha","status":"publish","type":"page","link":"https:\/\/treffpunkt-eynatten.be\/?page_id=127","title":{"rendered":"Rikscha"},"content":{"rendered":"\n<p class=\"has-black-color has-text-color has-link-color has-medium-font-size wp-elements-9e2c45bbfe861687bd4d7a1cfb535e56\">Nehmen Sie sich die Zeit und entdecken Sie unsere sch\u00f6ne Landschaft bei einer gem\u00fctlichen Fahrt in unserer Rikscha. Unsere ehrenamtlichen Fahrer zeigen Ihnen gerne die sch\u00f6nen Sehensw\u00fcrdigkeiten oder erz\u00e4hlen \u00fcber die lokale Geschichte und Tradition. Alles, was Sie tun m\u00fcssen, ist sich zur\u00fcckzulehnen und zu entspannen.<\/p>\n\n\n\n<p class=\"has-black-color has-text-color has-link-color has-medium-font-size wp-elements-bb472ea72d7a289d1277d2beebd8a5ec\">F\u00fcr weniger mobile Mitb\u00fcrger ist die Fahrt mit den Ehrenamtlichen sogar kostenlos.<\/p>\n","protected":false},"excerpt":{"rendered":"<p>Nehmen Sie sich die Zeit und entdecken Sie unsere sch\u00f6ne Landschaft bei einer gem\u00fctlichen Fahrt in unserer Rikscha. Unsere ehrenamtlichen Fahrer zeigen Ihnen gerne die sch\u00f6nen Sehensw\u00fcrdigkeiten oder erz\u00e4hlen \u00fcber &hellip; <\/p>\n","protected":false},"author":1,"featured_media":195,"parent":0,"menu_order":0,"comment_status":"closed","ping_status":"closed","template":"","meta":{"footnotes":""},"class_list":["post-127","page","type-page","status-publish","has-post-thumbnail","hentry"],"_links":{"self":[{"href":"https:\/\/treffpunkt-eynatten.be\/index.php?rest_route=\/wp\/v2\/pages\/127","targetHints":{"allow":["GET"]}}],"collection":[{"href":"https:\/\/treffpunkt-eynatten.be\/index.php?rest_route=\/wp\/v2\/pages"}],"about":[{"href":"https:\/\/treffpunkt-eynatten.be\/index.php?rest_route=\/wp\/v2\/types\/page"}],"author":[{"embeddable":true,"href":"https:\/\/treffpunkt-eynatten.be\/index.php?rest_route=\/wp\/v2\/users\/1"}],"replies":[{"embeddable":true,"href":"https:\/\/treffpunkt-eynatten.be\/index.php?rest_route=%2Fwp%2Fv2%2Fcomments&post=127"}],"version-history":[{"count":3,"href":"https:\/\/treffpunkt-eynatten.be\/index.php?rest_route=\/wp\/v2\/pages\/127\/revisions"}],"predecessor-version":[{"id":469,"href":"https:\/\/treffpunkt-eynatten.be\/index.php?rest_route=\/wp\/v2\/pages\/127\/revisions\/469"}],"wp:featuredmedia":[{"embeddable":true,"href":"https:\/\/treffpunkt-eynatten.be\/index.php?rest_route=\/wp\/v2\/media\/195"}],"wp:attachment":[{"href":"https:\/\/treffpunkt-eynatten.be\/index.php?rest_route=%2Fwp%2Fv2%2Fmedia&parent=127"}],"curies":[{"name":"wp","href":"https:\/\/api.w.org\/{rel}","templated":true}]}}