{"id":129,"date":"2025-01-30T14:04:24","date_gmt":"2025-01-30T14:04:24","guid":{"rendered":"https:\/\/treffpunkt-eynatten.be\/?page_id=129"},"modified":"2025-04-02T12:22:59","modified_gmt":"2025-04-02T12:22:59","slug":"generationsbruecke","status":"publish","type":"page","link":"https:\/\/treffpunkt-eynatten.be\/?page_id=129","title":{"rendered":"Generationsbr\u00fccke"},"content":{"rendered":"\n<p class=\"has-black-color has-text-color has-link-color has-medium-font-size wp-elements-2d2659e4e3c939701d065661f381e232\">Im Schuljahr 2024-2025 bietet der Soziale Treffpunkt Eynatten gemeinsam mit Partnerorganisationen ein innovatives Generationsbr\u00fcckenprojekt f\u00fcr Jung und Alt an.<\/p>\n\n\n\n<p class=\"has-black-color has-text-color has-link-color has-medium-font-size wp-elements-048ec77de0be1fde539672ed1f522f45\">Von Oktober bis Mai trifft sich einmal im Monat eine kleine Gruppe Senioren mit Sch\u00fclern des ZFP (Zentrum f\u00fcr F\u00f6rderp\u00e4dagogik) in Eupen und genie\u00dfen dort eine sch\u00f6ne und wertvolle gemeinsame Zeit miteinander. Es wird gesungen, gebastelt und auch interaktive Spiele stehen auf dem Programm. <\/p>\n\n\n\n<p class=\"has-black-color has-text-color has-link-color has-medium-font-size wp-elements-6dd2d8883956cb380f02addd874edb3f\">Zu Beginn des Projektes wurden 8 feste Partnerschaften gebildet zwischen jeweils einem Senior und einem Kind, sodass Jung und Alt von dem entstehenden zwischenmenschlichen Beziehungsraum profitieren k\u00f6nnen.<\/p>\n\n\n\n<p class=\"has-black-color has-text-color has-link-color has-medium-font-size wp-elements-2d1be0453b6839532534583f50198880\"><strong>Wichtige Infos: <\/strong><\/p>\n\n\n\n<ul class=\"wp-block-list\">\n<li class=\"has-black-color has-text-color has-link-color has-medium-font-size wp-elements-6c05cb777f20ccb8677492e678df98bd\">Montags von 13:30 bis 14:45<\/li>\n\n\n\n<li class=\"has-black-color has-text-color has-link-color has-medium-font-size wp-elements-01fe2dfc2e5613c0bd270b9c2198b253\">einmal im monat<\/li>\n\n\n\n<li class=\"has-black-color has-text-color has-link-color has-medium-font-size wp-elements-6021d7a481535050c491311cf2a01aba\">mit Anmeldung<\/li>\n\n\n\n<li class=\"has-black-color has-text-color has-link-color has-medium-font-size wp-elements-2bc07ac8fceadb6dc198f10f00d82a77\">kostenlos<\/li>\n<\/ul>\n\n\n\n<p class=\"has-vivid-red-color has-text-color has-link-color has-medium-font-size wp-elements-4202b947ab1a1959fc0a903064d36a39\"><strong>Anmeldung:<\/strong> In diesem Schuljahr sind leider schon alle Pl\u00e4tze ausgebucht! <\/p>\n\n\n\n<figure class=\"wp-block-gallery has-nested-images columns-default is-cropped wp-block-gallery-1 is-layout-flex wp-block-gallery-is-layout-flex\">\n<figure class=\"wp-block-image size-large\"><img loading=\"lazy\" decoding=\"async\" width=\"576\" height=\"768\" data-id=\"231\" src=\"https:\/\/treffpunkt-eynatten.be\/wp-content\/uploads\/2025\/02\/IMG-20241126-WA0031-Copy.jpg\" alt=\"\" class=\"wp-image-231\" srcset=\"https:\/\/treffpunkt-eynatten.be\/wp-content\/uploads\/2025\/02\/IMG-20241126-WA0031-Copy.jpg 576w, https:\/\/treffpunkt-eynatten.be\/wp-content\/uploads\/2025\/02\/IMG-20241126-WA0031-Copy-225x300.jpg 225w\" sizes=\"auto, (max-width: 576px) 100vw, 576px\" \/><\/figure>\n\n\n\n<figure class=\"wp-block-image size-large\"><img loading=\"lazy\" decoding=\"async\" width=\"1024\" height=\"768\" data-id=\"233\" src=\"https:\/\/treffpunkt-eynatten.be\/wp-content\/uploads\/2025\/02\/IMG-20241126-WA0007-Copy.jpg\" alt=\"\" class=\"wp-image-233\" srcset=\"https:\/\/treffpunkt-eynatten.be\/wp-content\/uploads\/2025\/02\/IMG-20241126-WA0007-Copy.jpg 1024w, https:\/\/treffpunkt-eynatten.be\/wp-content\/uploads\/2025\/02\/IMG-20241126-WA0007-Copy-300x225.jpg 300w, https:\/\/treffpunkt-eynatten.be\/wp-content\/uploads\/2025\/02\/IMG-20241126-WA0007-Copy-768x576.jpg 768w, https:\/\/treffpunkt-eynatten.be\/wp-content\/uploads\/2025\/02\/IMG-20241126-WA0007-Copy-640x480.jpg 640w, https:\/\/treffpunkt-eynatten.be\/wp-content\/uploads\/2025\/02\/IMG-20241126-WA0007-Copy-110x83.jpg 110w\" sizes=\"auto, (max-width: 1024px) 100vw, 1024px\" \/><\/figure>\n\n\n\n<figure class=\"wp-block-image size-large\"><img loading=\"lazy\" decoding=\"async\" width=\"1024\" height=\"768\" data-id=\"229\" src=\"https:\/\/treffpunkt-eynatten.be\/wp-content\/uploads\/2025\/02\/IMG-20241126-WA0012-Copy.jpg\" alt=\"\" class=\"wp-image-229\" srcset=\"https:\/\/treffpunkt-eynatten.be\/wp-content\/uploads\/2025\/02\/IMG-20241126-WA0012-Copy.jpg 1024w, https:\/\/treffpunkt-eynatten.be\/wp-content\/uploads\/2025\/02\/IMG-20241126-WA0012-Copy-300x225.jpg 300w, https:\/\/treffpunkt-eynatten.be\/wp-content\/uploads\/2025\/02\/IMG-20241126-WA0012-Copy-768x576.jpg 768w, https:\/\/treffpunkt-eynatten.be\/wp-content\/uploads\/2025\/02\/IMG-20241126-WA0012-Copy-640x480.jpg 640w, https:\/\/treffpunkt-eynatten.be\/wp-content\/uploads\/2025\/02\/IMG-20241126-WA0012-Copy-110x83.jpg 110w\" sizes=\"auto, (max-width: 1024px) 100vw, 1024px\" \/><\/figure>\n<\/figure>\n\n\n\n<p><\/p>\n","protected":false},"excerpt":{"rendered":"<p>Im Schuljahr 2024-2025 bietet der Soziale Treffpunkt Eynatten gemeinsam mit Partnerorganisationen ein innovatives Generationsbr\u00fcckenprojekt f\u00fcr Jung und Alt an. Von Oktober bis Mai trifft sich einmal im Monat eine kleine &hellip; <\/p>\n","protected":false},"author":1,"featured_media":221,"parent":0,"menu_order":0,"comment_status":"closed","ping_status":"closed","template":"","meta":{"footnotes":""},"class_list":["post-129","page","type-page","status-publish","has-post-thumbnail","hentry"],"_links":{"self":[{"href":"https:\/\/treffpunkt-eynatten.be\/index.php?rest_route=\/wp\/v2\/pages\/129","targetHints":{"allow":["GET"]}}],"collection":[{"href":"https:\/\/treffpunkt-eynatten.be\/index.php?rest_route=\/wp\/v2\/pages"}],"about":[{"href":"https:\/\/treffpunkt-eynatten.be\/index.php?rest_route=\/wp\/v2\/types\/page"}],"author":[{"embeddable":true,"href":"https:\/\/treffpunkt-eynatten.be\/index.php?rest_route=\/wp\/v2\/users\/1"}],"replies":[{"embeddable":true,"href":"https:\/\/treffpunkt-eynatten.be\/index.php?rest_route=%2Fwp%2Fv2%2Fcomments&post=129"}],"version-history":[{"count":5,"href":"https:\/\/treffpunkt-eynatten.be\/index.php?rest_route=\/wp\/v2\/pages\/129\/revisions"}],"predecessor-version":[{"id":455,"href":"https:\/\/treffpunkt-eynatten.be\/index.php?rest_route=\/wp\/v2\/pages\/129\/revisions\/455"}],"wp:featuredmedia":[{"embeddable":true,"href":"https:\/\/treffpunkt-eynatten.be\/index.php?rest_route=\/wp\/v2\/media\/221"}],"wp:attachment":[{"href":"https:\/\/treffpunkt-eynatten.be\/index.php?rest_route=%2Fwp%2Fv2%2Fmedia&parent=129"}],"curies":[{"name":"wp","href":"https:\/\/api.w.org\/{rel}","templated":true}]}}