{"id":2,"date":"2016-05-10T03:48:21","date_gmt":"2016-05-10T03:48:21","guid":{"rendered":"https:\/\/treffpunkt-eynatten.be\/?page_id=2"},"modified":"2025-04-09T09:38:04","modified_gmt":"2025-04-09T09:38:04","slug":"sample-page","status":"publish","type":"page","link":"https:\/\/treffpunkt-eynatten.be\/?page_id=2","title":{"rendered":"\u00dcber uns"},"content":{"rendered":"\n<p class=\"has-black-color has-text-color has-link-color has-medium-font-size wp-elements-3bb9b0bc24d7583bbad84f456766d1e0\"><strong>Unsere B\u00fcro-\u00d6ffnungszeiten:<\/strong><\/p>\n\n\n\n<div class=\"wp-block-group\"><div class=\"wp-block-group__inner-container is-layout-constrained wp-block-group-is-layout-constrained\">\n<p class=\"has-black-color has-text-color has-link-color has-medium-font-size wp-elements-c9fbfcd835074ab6d482ddc4f02f97b2\">Montag: 12:00 \u2013 17:00 Uhr<\/p>\n\n\n\n<p class=\"has-black-color has-text-color has-link-color has-medium-font-size wp-elements-8094e136f794832b2c657dfafb5cd458\">Dienstag: 09:30 \u2013 14:30 Uhr<\/p>\n\n\n\n<p class=\"has-black-color has-text-color has-link-color has-medium-font-size wp-elements-16d97bbd866636e90454fbefe4c4cdc4\">Mittwoch: 09:30 \u2013 14:30 Uhr<\/p>\n\n\n\n<p class=\"has-black-color has-text-color has-link-color has-medium-font-size wp-elements-bf20d89d55c796d916132787c8844b1a\">Donnerstag: 09:30 \u2013 14:30 Uhr<\/p>\n\n\n\n<p class=\"has-black-color has-text-color has-link-color has-medium-font-size wp-elements-bf5263a38ce1ec493f8b6db472c3dca5\">Freitag: 09:30 \u2013 14:30 Uhr<\/p>\n\n\n\n<p><\/p>\n\n\n\n<p><\/p>\n<\/div><\/div>\n\n\n\n<p>&#8230;<\/p>\n\n\n\n<p class=\"has-black-color has-text-color has-link-color has-medium-font-size wp-elements-22906cd85aed3a6c1dc7a5e81fd1e4a8\">Wir sind ein Begegnungsort f\u00fcr die B\u00fcrgerinnen und B\u00fcrger aus Eynatten \u2013 Raeren \u2013 Hauset \u2013 Lichtenbusch \u2013 Berlotte \u2013 Petergensfeld.<\/p>\n\n\n\n<p class=\"has-black-color has-text-color has-link-color has-medium-font-size wp-elements-b1bfa1dcf5c868516ae9aea7d0a2e826\">Seit 2018 ist die Dorfhaus Eynatten VoG, die 2014 ins Leben gerufen wurde, offiziell als 5. Sozialer Treffpunkt in Ostbelgien anerkannt.<\/p>\n\n\n\n<p><\/p>\n\n\n\n<p><\/p>\n","protected":false},"excerpt":{"rendered":"<p>Unsere B\u00fcro-\u00d6ffnungszeiten: Montag: 12:00 \u2013 17:00 Uhr Dienstag: 09:30 \u2013 14:30 Uhr Mittwoch: 09:30 \u2013 14:30 Uhr Donnerstag: 09:30 \u2013 14:30 Uhr Freitag: 09:30 \u2013 14:30 Uhr &#8230; Wir sind &hellip; <\/p>\n","protected":false},"author":1,"featured_media":0,"parent":0,"menu_order":0,"comment_status":"closed","ping_status":"open","template":"","meta":{"footnotes":""},"class_list":["post-2","page","type-page","status-publish","hentry"],"_links":{"self":[{"href":"https:\/\/treffpunkt-eynatten.be\/index.php?rest_route=\/wp\/v2\/pages\/2","targetHints":{"allow":["GET"]}}],"collection":[{"href":"https:\/\/treffpunkt-eynatten.be\/index.php?rest_route=\/wp\/v2\/pages"}],"about":[{"href":"https:\/\/treffpunkt-eynatten.be\/index.php?rest_route=\/wp\/v2\/types\/page"}],"author":[{"embeddable":true,"href":"https:\/\/treffpunkt-eynatten.be\/index.php?rest_route=\/wp\/v2\/users\/1"}],"replies":[{"embeddable":true,"href":"https:\/\/treffpunkt-eynatten.be\/index.php?rest_route=%2Fwp%2Fv2%2Fcomments&post=2"}],"version-history":[{"count":11,"href":"https:\/\/treffpunkt-eynatten.be\/index.php?rest_route=\/wp\/v2\/pages\/2\/revisions"}],"predecessor-version":[{"id":470,"href":"https:\/\/treffpunkt-eynatten.be\/index.php?rest_route=\/wp\/v2\/pages\/2\/revisions\/470"}],"wp:attachment":[{"href":"https:\/\/treffpunkt-eynatten.be\/index.php?rest_route=%2Fwp%2Fv2%2Fmedia&parent=2"}],"curies":[{"name":"wp","href":"https:\/\/api.w.org\/{rel}","templated":true}]}}