{"id":414,"date":"2025-04-02T10:25:11","date_gmt":"2025-04-02T10:25:11","guid":{"rendered":"https:\/\/treffpunkt-eynatten.be\/?page_id=414"},"modified":"2025-04-09T09:39:18","modified_gmt":"2025-04-09T09:39:18","slug":"boule-petanque","status":"publish","type":"page","link":"https:\/\/treffpunkt-eynatten.be\/?page_id=414","title":{"rendered":"Boule\/P\u00e9tanque"},"content":{"rendered":"\n<p class=\"has-black-color has-text-color has-link-color has-medium-font-size wp-elements-1714321bf1e891d66529824c30aeb108\">Hinter der Bushaltestelle an der Kirche (Aachener Stra\u00dfe) befindet sich der \u00f6ffentliche Boule-Platz. Zwischen Fr\u00fchjahr und Herbst, bei sch\u00f6nem Wetter, wird 2 mal monatlich hier gespielt.<\/p>\n\n\n\n<p class=\"has-black-color has-text-color has-link-color has-medium-font-size wp-elements-bb6ed40492a22a5114070f6e85227dac\"><strong>Wichtige Infos:<\/strong><\/p>\n\n\n\n<ul class=\"wp-block-list\">\n<li class=\"has-black-color has-text-color has-link-color has-medium-font-size wp-elements-603a3f78c09d0209af9f853937662c82\">Dienstags von 15:00 bis 17:00<\/li>\n\n\n\n<li class=\"has-black-color has-text-color has-link-color has-medium-font-size wp-elements-47b70dd22e3d80aa43d7007f2c3876f1\">Alle 2 Wochen, in jeder geraden Kalenderwoche<\/li>\n\n\n\n<li class=\"has-black-color has-text-color has-link-color has-medium-font-size wp-elements-b9caca269b1c6f5273aa859d94ac2a0f\">Ohne Anmeldung<\/li>\n\n\n\n<li class=\"has-black-color has-text-color has-link-color has-medium-font-size wp-elements-2bc07ac8fceadb6dc198f10f00d82a77\">kostenlos<\/li>\n<\/ul>\n\n\n\n<p><\/p>\n","protected":false},"excerpt":{"rendered":"<p>Hinter der Bushaltestelle an der Kirche (Aachener Stra\u00dfe) befindet sich der \u00f6ffentliche Boule-Platz. Zwischen Fr\u00fchjahr und Herbst, bei sch\u00f6nem Wetter, wird 2 mal monatlich hier gespielt. Wichtige Infos:<\/p>\n","protected":false},"author":1,"featured_media":419,"parent":0,"menu_order":0,"comment_status":"closed","ping_status":"closed","template":"","meta":{"footnotes":""},"class_list":["post-414","page","type-page","status-publish","has-post-thumbnail","hentry"],"_links":{"self":[{"href":"https:\/\/treffpunkt-eynatten.be\/index.php?rest_route=\/wp\/v2\/pages\/414","targetHints":{"allow":["GET"]}}],"collection":[{"href":"https:\/\/treffpunkt-eynatten.be\/index.php?rest_route=\/wp\/v2\/pages"}],"about":[{"href":"https:\/\/treffpunkt-eynatten.be\/index.php?rest_route=\/wp\/v2\/types\/page"}],"author":[{"embeddable":true,"href":"https:\/\/treffpunkt-eynatten.be\/index.php?rest_route=\/wp\/v2\/users\/1"}],"replies":[{"embeddable":true,"href":"https:\/\/treffpunkt-eynatten.be\/index.php?rest_route=%2Fwp%2Fv2%2Fcomments&post=414"}],"version-history":[{"count":5,"href":"https:\/\/treffpunkt-eynatten.be\/index.php?rest_route=\/wp\/v2\/pages\/414\/revisions"}],"predecessor-version":[{"id":471,"href":"https:\/\/treffpunkt-eynatten.be\/index.php?rest_route=\/wp\/v2\/pages\/414\/revisions\/471"}],"wp:featuredmedia":[{"embeddable":true,"href":"https:\/\/treffpunkt-eynatten.be\/index.php?rest_route=\/wp\/v2\/media\/419"}],"wp:attachment":[{"href":"https:\/\/treffpunkt-eynatten.be\/index.php?rest_route=%2Fwp%2Fv2%2Fmedia&parent=414"}],"curies":[{"name":"wp","href":"https:\/\/api.w.org\/{rel}","templated":true}]}}