{"id":436,"date":"2025-04-02T11:58:18","date_gmt":"2025-04-02T11:58:18","guid":{"rendered":"https:\/\/treffpunkt-eynatten.be\/?page_id=436"},"modified":"2025-10-14T09:55:43","modified_gmt":"2025-10-14T09:55:43","slug":"naturkraenze-stecken","status":"publish","type":"page","link":"https:\/\/treffpunkt-eynatten.be\/?page_id=436","title":{"rendered":"Naturkr\u00e4nze stecken"},"content":{"rendered":"\n<p>Stecken Sie in geselliger Runde und unter Anleitung tolle Kr\u00e4nze oder Gestecke aus Naturmaterialien. (im Dorfhaus Eynatten, Lichtenbuscher Str. 25)<\/p>\n\n\n\n<p><strong>Sie ben\u00f6tigen:<\/strong> Steckmaterial wie Efeu, Moos, Fr\u00fcchte, Blumen, &#8230;<\/p>\n\n\n\n<p><strong>Unkostenbeitrag:<\/strong> 5,00 \u20ac zuz\u00fcglich Materialkosten<\/p>\n\n\n\n<p><\/p>\n","protected":false},"excerpt":{"rendered":"<p>Stecken Sie in geselliger Runde und unter Anleitung tolle Kr\u00e4nze oder Gestecke aus Naturmaterialien. (im Dorfhaus Eynatten, Lichtenbuscher Str. 25) Sie ben\u00f6tigen: Steckmaterial wie Efeu, Moos, Fr\u00fcchte, Blumen, &#8230; Unkostenbeitrag: &hellip; <\/p>\n","protected":false},"author":1,"featured_media":483,"parent":0,"menu_order":0,"comment_status":"closed","ping_status":"closed","template":"","meta":{"footnotes":""},"class_list":["post-436","page","type-page","status-publish","has-post-thumbnail","hentry"],"_links":{"self":[{"href":"https:\/\/treffpunkt-eynatten.be\/index.php?rest_route=\/wp\/v2\/pages\/436","targetHints":{"allow":["GET"]}}],"collection":[{"href":"https:\/\/treffpunkt-eynatten.be\/index.php?rest_route=\/wp\/v2\/pages"}],"about":[{"href":"https:\/\/treffpunkt-eynatten.be\/index.php?rest_route=\/wp\/v2\/types\/page"}],"author":[{"embeddable":true,"href":"https:\/\/treffpunkt-eynatten.be\/index.php?rest_route=\/wp\/v2\/users\/1"}],"replies":[{"embeddable":true,"href":"https:\/\/treffpunkt-eynatten.be\/index.php?rest_route=%2Fwp%2Fv2%2Fcomments&post=436"}],"version-history":[{"count":5,"href":"https:\/\/treffpunkt-eynatten.be\/index.php?rest_route=\/wp\/v2\/pages\/436\/revisions"}],"predecessor-version":[{"id":662,"href":"https:\/\/treffpunkt-eynatten.be\/index.php?rest_route=\/wp\/v2\/pages\/436\/revisions\/662"}],"wp:featuredmedia":[{"embeddable":true,"href":"https:\/\/treffpunkt-eynatten.be\/index.php?rest_route=\/wp\/v2\/media\/483"}],"wp:attachment":[{"href":"https:\/\/treffpunkt-eynatten.be\/index.php?rest_route=%2Fwp%2Fv2%2Fmedia&parent=436"}],"curies":[{"name":"wp","href":"https:\/\/api.w.org\/{rel}","templated":true}]}}