{"id":44,"date":"2024-12-13T13:49:39","date_gmt":"2024-12-13T13:49:39","guid":{"rendered":"https:\/\/treffpunkt-eynatten.be\/?page_id=44"},"modified":"2026-05-15T10:42:02","modified_gmt":"2026-05-15T10:42:02","slug":"kontakt","status":"publish","type":"page","link":"https:\/\/treffpunkt-eynatten.be\/?page_id=44","title":{"rendered":"Kontakt"},"content":{"rendered":"\n<figure class=\"wp-block-image size-full\"><a href=\"https:\/\/treffpunkt-eynatten.be\/\"><img loading=\"lazy\" decoding=\"async\" width=\"300\" height=\"99\" src=\"https:\/\/treffpunkt-eynatten.be\/wp-content\/uploads\/2025\/03\/cropped-cropped-STE-logo.jpg\" alt=\"\" class=\"wp-image-398\"\/><\/a><\/figure>\n\n\n\n<p class=\"has-black-color has-text-color has-link-color has-medium-font-size wp-elements-0b3025ed0b72971c715fbc4e2ead19a3\">Ihre Ansprechpartnerinnen:<\/p>\n\n\n\n<p class=\"has-black-color has-text-color has-link-color has-medium-font-size wp-elements-79224fc4960d62ded47c2d42e230abd1\"><strong>Claudia Wetzeler  &amp; Claudia Mennicken<\/strong><\/p>\n\n\n\n<figure class=\"wp-block-image size-full is-resized\"><img loading=\"lazy\" decoding=\"async\" width=\"615\" height=\"307\" src=\"https:\/\/treffpunkt-eynatten.be\/wp-content\/uploads\/2025\/03\/Claudias_.png\" alt=\"\" class=\"wp-image-399\" style=\"width:310px;height:auto\" srcset=\"https:\/\/treffpunkt-eynatten.be\/wp-content\/uploads\/2025\/03\/Claudias_.png 615w, https:\/\/treffpunkt-eynatten.be\/wp-content\/uploads\/2025\/03\/Claudias_-300x150.png 300w\" sizes=\"auto, (max-width: 615px) 100vw, 615px\" \/><\/figure>\n\n\n\n<p class=\"has-black-color has-text-color has-link-color has-medium-font-size wp-elements-9eb215d6be23ebcff2cefa699ecd7206\">E-Mail: <a href=\"mailto:info@treffpunkt-eynatten.be\">info@treffpunkt-eynatten.be<\/a><br>Tel.: +32 (0) 87\/88 36 04<br>Handy: +32 (0) 470\/91 24 15 (Claudia Wetzeler)<br>Handy: +32 (0) 471\/48 23 37 (Claudia Mennicken)<\/p>\n\n\n\n<p class=\"has-black-color has-text-color has-link-color wp-elements-541394c7d3f11630758db3ca484afd2a\"><strong>Wir sind w\u00e4hrend der \u00d6ffnungszeiten <\/strong>(Mo 12:00 \u2013 17:00 Uhr, Di \u2013 Fr 09:30 \u2013 14:30)<strong> f\u00fcr Sie erreichbar.<\/strong><\/p>\n\n\n\n<p class=\"has-black-color has-text-color has-link-color has-medium-font-size wp-elements-aad0a7a5a99482376fbb05602495ada2\">Sie m\u00f6chten regelm\u00e4\u00dfig \u00fcber unsere Veranstaltungen informiert werden? Dann schicken Sie uns eine Nachricht und wir nehmen Sie unverbindlich in unsere Verteilerliste auf.<\/p>\n\n\n\n<p class=\"has-black-color has-text-color has-link-color has-medium-font-size wp-elements-728660d7e0a0ee2dad0dd80ad96c4a85\"><br><\/p>\n\n\n\n<p><\/p>\n","protected":false},"excerpt":{"rendered":"<p>Ihre Ansprechpartnerinnen: Claudia Wetzeler &amp; Claudia Mennicken E-Mail: info@treffpunkt-eynatten.beTel.: +32 (0) 87\/88 36 04Handy: +32 (0) 470\/91 24 15 (Claudia Wetzeler)Handy: +32 (0) 471\/48 23 37 (Claudia Mennicken) Wir sind &hellip; <\/p>\n","protected":false},"author":1,"featured_media":281,"parent":0,"menu_order":0,"comment_status":"closed","ping_status":"closed","template":"","meta":{"footnotes":""},"class_list":["post-44","page","type-page","status-publish","has-post-thumbnail","hentry"],"_links":{"self":[{"href":"https:\/\/treffpunkt-eynatten.be\/index.php?rest_route=\/wp\/v2\/pages\/44","targetHints":{"allow":["GET"]}}],"collection":[{"href":"https:\/\/treffpunkt-eynatten.be\/index.php?rest_route=\/wp\/v2\/pages"}],"about":[{"href":"https:\/\/treffpunkt-eynatten.be\/index.php?rest_route=\/wp\/v2\/types\/page"}],"author":[{"embeddable":true,"href":"https:\/\/treffpunkt-eynatten.be\/index.php?rest_route=\/wp\/v2\/users\/1"}],"replies":[{"embeddable":true,"href":"https:\/\/treffpunkt-eynatten.be\/index.php?rest_route=%2Fwp%2Fv2%2Fcomments&post=44"}],"version-history":[{"count":15,"href":"https:\/\/treffpunkt-eynatten.be\/index.php?rest_route=\/wp\/v2\/pages\/44\/revisions"}],"predecessor-version":[{"id":764,"href":"https:\/\/treffpunkt-eynatten.be\/index.php?rest_route=\/wp\/v2\/pages\/44\/revisions\/764"}],"wp:featuredmedia":[{"embeddable":true,"href":"https:\/\/treffpunkt-eynatten.be\/index.php?rest_route=\/wp\/v2\/media\/281"}],"wp:attachment":[{"href":"https:\/\/treffpunkt-eynatten.be\/index.php?rest_route=%2Fwp%2Fv2%2Fmedia&parent=44"}],"curies":[{"name":"wp","href":"https:\/\/api.w.org\/{rel}","templated":true}]}}