{"id":89,"date":"2025-01-30T14:00:11","date_gmt":"2025-01-30T14:00:11","guid":{"rendered":"https:\/\/treffpunkt-eynatten.be\/?page_id=89"},"modified":"2025-03-20T12:54:27","modified_gmt":"2025-03-20T12:54:27","slug":"woechentliche-aktivitaeten","status":"publish","type":"page","link":"https:\/\/treffpunkt-eynatten.be\/?page_id=89","title":{"rendered":"W\u00f6chentliche Aktivit\u00e4ten"},"content":{"rendered":"\n<p class=\"has-black-color has-text-color has-link-color has-medium-font-size wp-elements-93b897b51915aaaabcb751ecd36d3988\">Bei der Entwicklung der Angebote des Sozialen Treffpunktes ist uns eine Best\u00e4ndigkeit des Programmes sehr wichtig. Unsere Angebote werden regelm\u00e4\u00dfig evaluiert und angepasst. <\/p>\n","protected":false},"excerpt":{"rendered":"<p>Bei der Entwicklung der Angebote des Sozialen Treffpunktes ist uns eine Best\u00e4ndigkeit des Programmes sehr wichtig. Unsere Angebote werden regelm\u00e4\u00dfig evaluiert und angepasst.<\/p>\n","protected":false},"author":1,"featured_media":256,"parent":0,"menu_order":0,"comment_status":"closed","ping_status":"closed","template":"","meta":{"footnotes":""},"class_list":["post-89","page","type-page","status-publish","has-post-thumbnail","hentry"],"_links":{"self":[{"href":"https:\/\/treffpunkt-eynatten.be\/index.php?rest_route=\/wp\/v2\/pages\/89","targetHints":{"allow":["GET"]}}],"collection":[{"href":"https:\/\/treffpunkt-eynatten.be\/index.php?rest_route=\/wp\/v2\/pages"}],"about":[{"href":"https:\/\/treffpunkt-eynatten.be\/index.php?rest_route=\/wp\/v2\/types\/page"}],"author":[{"embeddable":true,"href":"https:\/\/treffpunkt-eynatten.be\/index.php?rest_route=\/wp\/v2\/users\/1"}],"replies":[{"embeddable":true,"href":"https:\/\/treffpunkt-eynatten.be\/index.php?rest_route=%2Fwp%2Fv2%2Fcomments&post=89"}],"version-history":[{"count":4,"href":"https:\/\/treffpunkt-eynatten.be\/index.php?rest_route=\/wp\/v2\/pages\/89\/revisions"}],"predecessor-version":[{"id":364,"href":"https:\/\/treffpunkt-eynatten.be\/index.php?rest_route=\/wp\/v2\/pages\/89\/revisions\/364"}],"wp:featuredmedia":[{"embeddable":true,"href":"https:\/\/treffpunkt-eynatten.be\/index.php?rest_route=\/wp\/v2\/media\/256"}],"wp:attachment":[{"href":"https:\/\/treffpunkt-eynatten.be\/index.php?rest_route=%2Fwp%2Fv2%2Fmedia&parent=89"}],"curies":[{"name":"wp","href":"https:\/\/api.w.org\/{rel}","templated":true}]}}