{"id":97,"date":"2025-01-30T14:01:17","date_gmt":"2025-01-30T14:01:17","guid":{"rendered":"https:\/\/treffpunkt-eynatten.be\/?page_id=97"},"modified":"2025-04-01T12:11:58","modified_gmt":"2025-04-01T12:11:58","slug":"leitbildziele","status":"publish","type":"page","link":"https:\/\/treffpunkt-eynatten.be\/?page_id=97","title":{"rendered":"Leitbild &#038; Ziele"},"content":{"rendered":"\n<p class=\"has-black-color has-text-color has-link-color has-medium-font-size wp-elements-540181b56a41558b49700a3a415c9918\">Der Soziale Treffpunkt im Dorfhaus Eynatten ist ein Ort, an dem Begegnung und Austausch stattfinden; ein Treffpunkt f\u00fcr die verschiedenen Generationen und Bev\u00f6lkerungsgruppen.<\/p>\n\n\n\n<p class=\"has-black-color has-text-color has-link-color has-medium-font-size wp-elements-e8527f499428ae70c3c8c7752e86c22e\">Der Soziale Treffpunkt unterst\u00fctzt folgende Bev\u00f6lkerungsgruppen:<\/p>\n\n\n\n<ul class=\"wp-block-list has-medium-font-size\">\n<li class=\"has-black-color has-text-color has-link-color wp-elements-86940415f3dbc1148b9d1667bf0ac276\">\u00c4ltere Menschen<\/li>\n\n\n\n<li class=\"has-black-color has-text-color has-link-color wp-elements-cdaf61f57a45a506168ac9851a584dbf\">Menschen mit einer Beeintr\u00e4chtigung<\/li>\n\n\n\n<li class=\"has-black-color has-text-color has-link-color wp-elements-1ed56d406b0e571aa57944a97d01aa56\">Menschen mit Migrationshintergrund<\/li>\n\n\n\n<li class=\"has-black-color has-text-color has-link-color has-medium-font-size wp-elements-5604f44fccde531c521e233a7db86f1c\">Junge Familien mit Kindern<\/li>\n<\/ul>\n\n\n\n<p class=\"has-black-color has-text-color has-link-color has-medium-font-size wp-elements-1bdf020edd88eb4ac861008316b96766\">Zahlreiche Ehrenamtliche engagieren sich in den einzelnen Aktivit\u00e4ten.<\/p>\n\n\n\n<p><\/p>\n","protected":false},"excerpt":{"rendered":"<p>Der Soziale Treffpunkt im Dorfhaus Eynatten ist ein Ort, an dem Begegnung und Austausch stattfinden; ein Treffpunkt f\u00fcr die verschiedenen Generationen und Bev\u00f6lkerungsgruppen. Der Soziale Treffpunkt unterst\u00fctzt folgende Bev\u00f6lkerungsgruppen: Zahlreiche &hellip; <\/p>\n","protected":false},"author":1,"featured_media":279,"parent":0,"menu_order":0,"comment_status":"closed","ping_status":"closed","template":"","meta":{"footnotes":""},"class_list":["post-97","page","type-page","status-publish","has-post-thumbnail","hentry"],"_links":{"self":[{"href":"https:\/\/treffpunkt-eynatten.be\/index.php?rest_route=\/wp\/v2\/pages\/97","targetHints":{"allow":["GET"]}}],"collection":[{"href":"https:\/\/treffpunkt-eynatten.be\/index.php?rest_route=\/wp\/v2\/pages"}],"about":[{"href":"https:\/\/treffpunkt-eynatten.be\/index.php?rest_route=\/wp\/v2\/types\/page"}],"author":[{"embeddable":true,"href":"https:\/\/treffpunkt-eynatten.be\/index.php?rest_route=\/wp\/v2\/users\/1"}],"replies":[{"embeddable":true,"href":"https:\/\/treffpunkt-eynatten.be\/index.php?rest_route=%2Fwp%2Fv2%2Fcomments&post=97"}],"version-history":[{"count":11,"href":"https:\/\/treffpunkt-eynatten.be\/index.php?rest_route=\/wp\/v2\/pages\/97\/revisions"}],"predecessor-version":[{"id":405,"href":"https:\/\/treffpunkt-eynatten.be\/index.php?rest_route=\/wp\/v2\/pages\/97\/revisions\/405"}],"wp:featuredmedia":[{"embeddable":true,"href":"https:\/\/treffpunkt-eynatten.be\/index.php?rest_route=\/wp\/v2\/media\/279"}],"wp:attachment":[{"href":"https:\/\/treffpunkt-eynatten.be\/index.php?rest_route=%2Fwp%2Fv2%2Fmedia&parent=97"}],"curies":[{"name":"wp","href":"https:\/\/api.w.org\/{rel}","templated":true}]}}